{"id":2153,"date":"2025-09-01T18:38:22","date_gmt":"2025-09-01T16:38:22","guid":{"rendered":"https:\/\/hotel-albert.de\/imprint\/"},"modified":"2025-09-15T15:51:19","modified_gmt":"2025-09-15T13:51:19","slug":"imprint","status":"publish","type":"page","link":"https:\/\/hotel-albert.de\/en\/imprint\/","title":{"rendered":"Imprint"},"content":{"rendered":"\t\t<div data-elementor-type=\"wp-page\" data-elementor-id=\"2153\" class=\"elementor elementor-2153 elementor-1647\">\n\t\t\t\t<div class=\"elementor-element elementor-element-4214a19 e-flex e-con-boxed e-con e-parent\" data-id=\"4214a19\" data-element_type=\"container\" data-e-type=\"container\" data-settings=\"{&quot;hoteller_ext_is_background_parallax&quot;:&quot;false&quot;,&quot;hoteller_ext_is_background_backdrop&quot;:&quot;false&quot;,&quot;hoteller_ext_is_background_on_scroll&quot;:&quot;false&quot;,&quot;hoteller_ext_link_sidemenu&quot;:&quot;false&quot;,&quot;hoteller_ext_link_fullmenu&quot;:&quot;false&quot;,&quot;hoteller_ext_link_closed_fullmenu&quot;:&quot;false&quot;,&quot;hoteller_ext_is_scrollme&quot;:&quot;false&quot;,&quot;hoteller_ext_is_smoove&quot;:&quot;false&quot;,&quot;hoteller_ext_is_parallax_mouse&quot;:&quot;false&quot;,&quot;hoteller_ext_is_infinite&quot;:&quot;false&quot;,&quot;hoteller_ext_is_fadeout_animation&quot;:&quot;false&quot;,&quot;hoteller_ext_mobile_static&quot;:&quot;false&quot;}\">\n\t\t\t\t\t<div class=\"e-con-inner\">\n\t\t\t\t<div class=\"elementor-element elementor-element-2f0d59f elementor-widget elementor-widget-html\" data-id=\"2f0d59f\" data-element_type=\"widget\" data-e-type=\"widget\" data-settings=\"{&quot;hoteller_ext_link_sidemenu&quot;:&quot;false&quot;,&quot;hoteller_ext_link_fullmenu&quot;:&quot;false&quot;,&quot;hoteller_ext_link_closed_fullmenu&quot;:&quot;false&quot;,&quot;hoteller_ext_is_scrollme&quot;:&quot;false&quot;,&quot;hoteller_ext_is_smoove&quot;:&quot;false&quot;,&quot;hoteller_ext_is_parallax_mouse&quot;:&quot;false&quot;,&quot;hoteller_ext_is_infinite&quot;:&quot;false&quot;,&quot;hoteller_ext_is_fadeout_animation&quot;:&quot;false&quot;,&quot;hoteller_ext_mobile_static&quot;:&quot;false&quot;}\" data-widget_type=\"html.default\">\n\t\t\t\t\t<h1>Imprint<\/h1>\r\n\r\n<p>Igor Petric<br>Hotel Albert - Igor Petric<br>Borkener Stra\u00dfe 199<br>Main building<br>46284 Dorsten<\/p>\r\n\r\n<h2>Contact<\/h2>\r\n<p>Telephone: +49 (0) 2362 \/ 94790<br>E-mail: info@hotel-albert.de<\/p>\r\n\r\n<h2>Sales Tax ID<\/h2>\r\n<p>Sales tax identification number according to \u00a7 27 a Value Added Tax Act:<br>applied for - DE310475648<\/p>\r\n\r\n<h2>Editorially Responsible<\/h2>\r\n<p>Igor Petric<\/p>\r\n\r\n<h2>Consumer Dispute Resolution\/Universal Arbitration Board<\/h2>\r\n<p>We participate in a dispute resolution procedure before a consumer arbitration board. The responsible body is the Universalschlichtungsstelle des Zentrums f\u00fcr Schlichtung e.V., Stra\u00dfburger Stra\u00dfe 8, 77694 Kehl am Rhein (<a href=\"https:\/\/www.verbraucher-schlichter.de\" rel=\"noopener noreferrer\" target=\"_blank\">https:\/\/www.verbraucher-schlichter.de<\/a>). <\/p>\r\n\r\n<p>Source: <a href=\"https:\/\/www.e-recht24.de\">https:\/\/www.e-recht24.de<\/a><\/p>\t\t\t\t<\/div>\n\t\t\t\t\t<\/div>\n\t\t\t\t<\/div>\n\t\t\t\t<\/div>\n\t\t","protected":false},"excerpt":{"rendered":"<p>Imprint Igor PetricHotel Albert &#8211; Igor PetricBorkener Stra\u00dfe 199Main building46284 Dorsten Contact Telephone: +49 (0) 2362 \/ 94790E-mail: info@hotel-albert.de Sales Tax ID Sales tax identification number according to \u00a7 27 a Value Added Tax Act:applied for &#8211; DE310475648 Editorially Responsible [&hellip;]<\/p>\n","protected":false},"author":1,"featured_media":0,"parent":0,"menu_order":0,"comment_status":"closed","ping_status":"closed","template":"","meta":{"footnotes":""},"class_list":["post-2153","page","type-page","status-publish","hentry"],"aioseo_notices":[],"_links":{"self":[{"href":"https:\/\/hotel-albert.de\/en\/wp-json\/wp\/v2\/pages\/2153","targetHints":{"allow":["GET"]}}],"collection":[{"href":"https:\/\/hotel-albert.de\/en\/wp-json\/wp\/v2\/pages"}],"about":[{"href":"https:\/\/hotel-albert.de\/en\/wp-json\/wp\/v2\/types\/page"}],"author":[{"embeddable":true,"href":"https:\/\/hotel-albert.de\/en\/wp-json\/wp\/v2\/users\/1"}],"replies":[{"embeddable":true,"href":"https:\/\/hotel-albert.de\/en\/wp-json\/wp\/v2\/comments?post=2153"}],"version-history":[{"count":1,"href":"https:\/\/hotel-albert.de\/en\/wp-json\/wp\/v2\/pages\/2153\/revisions"}],"predecessor-version":[{"id":2154,"href":"https:\/\/hotel-albert.de\/en\/wp-json\/wp\/v2\/pages\/2153\/revisions\/2154"}],"wp:attachment":[{"href":"https:\/\/hotel-albert.de\/en\/wp-json\/wp\/v2\/media?parent=2153"}],"curies":[{"name":"wp","href":"https:\/\/api.w.org\/{rel}","templated":true}]}}